{"id":257,"date":"2021-03-05T20:51:00","date_gmt":"2021-03-05T17:51:00","guid":{"rendered":"http:\/\/cankattaskin.av.tr\/?page_id=257"},"modified":"2025-12-13T15:28:07","modified_gmt":"2025-12-13T12:28:07","slug":"ozgecmisim-2","status":"publish","type":"page","link":"https:\/\/cankattaskin.av.tr\/?page_id=257","title":{"rendered":"HAKKIMIZDA"},"content":{"rendered":"<p><img loading=\"lazy\" decoding=\"async\" class=\"alignleft size-medium wp-image-1177\" src=\"https:\/\/cankattaskin.av.tr\/wp-content\/uploads\/2011\/03\/foto-197x300.jpg\" alt=\"\" width=\"197\" height=\"300\" srcset=\"https:\/\/cankattaskin.av.tr\/wp-content\/uploads\/2011\/03\/foto-197x300.jpg 197w, https:\/\/cankattaskin.av.tr\/wp-content\/uploads\/2011\/03\/foto.jpg 373w\" sizes=\"auto, (max-width: 197px) 100vw, 197px\" \/><\/p>\n<p><strong>Avukat\/Arabulucu<\/strong><\/p>\n<p><strong>Do\u00e7. Dr. \u015eaban Cankat TA\u015eKIN\u00a0<\/strong><\/p>\n<p><strong>Bursa Barosu\u00a0<\/strong><\/p>\n<p>1980 Bursa do\u011fumludur. 2002 y\u0131l\u0131nda Marmara \u00dcniversitesi Hukuk Fak\u00fcltesi\u2019nden mezun oldu. 2003 y\u0131l\u0131nda Bursa Barosu\u2019nda avukatl\u0131k staj\u0131n\u0131 tamamlad\u0131.2005 y\u0131l\u0131 Ocak ay\u0131nda Bursa\u2019da avukatl\u0131k ofisini a\u00e7t\u0131. (2005 y\u0131l\u0131ndan beri Bursa\u2019da kendi ofisinde a\u011f\u0131rl\u0131kl\u0131 olarak bili\u015fim hukuku, bili\u015fim su\u00e7lar\u0131, ki\u015fisel veriler hukuku ve ceza hukuku alan\u0131nda avukat ve hukuki dan\u0131\u015fman olarak \u00e7al\u0131\u015fmaktad\u0131r). (Bunun yan\u0131 s\u0131ra, ofisteki meslekta\u015f\u0131yla birlikte aile, i\u015f, t\u00fcketici, sigorta, idare ve sa\u011fl\u0131k hukuku alanlar\u0131nda da avukat ve hukuki dan\u0131\u015fman olarak hizmet vermektedir). Ayr\u0131ca arabulucudur.<\/p>\n<p>\u00a0 \u00a0 \u00a0 \u00a0 \u00a0 \u00a0 \u00a0 \u00a0 \u00a0 \u00a0 \u00a0 \u00a0 \u00a0 \u00a0 \u00a0 \u00a0 \u00a0 \u00a0 \u00a0 \u00a0 \u00a0 \u00a0 \u00a0 \u00a0 \u00a0 \u00a0 \u00a02008 y\u0131l\u0131nda Marmara \u00dcniversitesi Sosyal Bilimler Enstit\u00fcs\u00fc&#8217;nde kamu hukuku b\u00f6l\u00fcm\u00fcnde y\u00fcksek lisans\u0131n\u0131, 2015&#8217;te Kocaeli \u00dcniversitesi Sosyal Bilimler Enstitit\u00fcs\u00fc kamu hukuku b\u00f6l\u00fcm\u00fcnde doktoras\u0131n\u0131 bitirdi. 2019 y\u0131l\u0131nda, ceza ve ceza muhakemesi hukuku alan\u0131nda\u00a0 \u00f6\u011fretim \u00fcyesi olarak ba\u015flad\u0131\u011f\u0131 \u0130stanbul Ayd\u0131n \u00dcniversitesi Hukuk Fak\u00fcltesi&#8217;nde bili\u015fim hukuku, ceza hukuku ve ceza muhakemesi hukuku alanlar\u0131nda lisans ve y\u00fcksek lisans d\u00fczeyinde dersler vermektedir.\u00a0<\/p>\n<p>\u00a0 \u00a0 \u00a0 \u00a0 \u00a0 \u00a0 \u00a0 \u00a0 \u00a0 \u00a0 \u00a0 \u00a0 \u00a0 \u00a0 \u00a0 \u00a0 \u00a0 \u00a0 \u00a0 \u00a0 \u00a0 \u00a0 \u00a0 \u00a027.12.2024 itibar\u0131yla Ceza ve Ceza Muhakemesi Hukuku Bilim Alan\u0131nda &#8220;do\u00e7ent&#8221; unvan\u0131na hak kazanm\u0131\u015ft\u0131r. 12.06.2025 itibar\u0131yla da \u0130stanbul Ayd\u0131n \u00dcniversitesi Hukuk Fak\u00fcltesi Ceza ve Ceza Muhakemesi Hukuku Anabilim Dal\u0131na do\u00e7ent olarak atanm\u0131\u015ft\u0131r.\u00a0 \u00a0 \u00a0 \u00a0 \u00a0 \u00a0 \u00a0 \u00a0 \u00a0 \u00a0 \u00a0 \u00a0 \u00a0 \u00a0 \u00a0 \u00a0 \u00a0<strong>\u00a0 <\/strong><\/p>\n<ul>\n<li>Detayl\u0131 ek bilgi i\u00e7in<a href=\"https:\/\/cankattaskin.av.tr\/wp-content\/uploads\/2025\/01\/DETAYLI-KISA-OZGECMIS.pdf\" target=\"_blank\" rel=\"noopener\"> t\u0131klay\u0131n\u0131z.<\/a><\/li>\n<li>Av.Do\u00e7. Dr. \u015eaban Cankat TA\u015eKIN&#8217;\u0131n Linkedin profili\u00a0 i\u00e7in <a href=\"https:\/\/www.linkedin.com\/in\/%C5%9Faban-cankat-ta%C5%9Fkin-61428272\/\" target=\"_blank\" rel=\"noopener\">t\u0131klay\u0131n\u0131z.\u00a0 <\/a>\u00a0 \u00a0<\/li>\n<li>Av.Do\u00e7. Dr. \u015eaban Cankat TA\u015eKIN&#8217;\u0131n Google i\u015fletme profili i\u00e7in <a href=\"https:\/\/www.google.com\/search?sca_esv=20a76472aa525adb&amp;sxsrf=ADLYWIIPSKYS9dc1wSWzF4eaqmnadq7O-w:1723703780793&amp;q=Av.Dr.%C5%9E.Cankat+TA%C5%9EKIN-Avukat+Hukuki+Dan%C4%B1%C5%9Fmanl%C4%B1k&amp;spell=1&amp;sa=X&amp;ved=2ahUKEwjclLX8sPaHAxUNQfEDHUZwG04QBSgAegQIIhAB&amp;biw=1366&amp;bih=599&amp;dpr=1\" target=\"_blank\" rel=\"noopener\">t\u0131klay\u0131n\u0131z.<\/a><\/li>\n<li>Av.Do\u00e7. Dr. \u015eaban Cankat TA\u015eKIN&#8217;\u0131n Y\u00d6K format\u0131ndaki \u00f6zge\u00e7mi\u015fi i\u00e7in<a href=\"https:\/\/cankattaskin.av.tr\/wp-content\/uploads\/2025\/12\/O\u0308ZGEC\u0327MI\u0307S\u0327-FAKU\u0308LTE-13.12.2025.pdf\" target=\"_blank\" rel=\"noopener\"> t\u0131klay\u0131n\u0131z<\/a>.<\/li>\n<\/ul>\n<p style=\"text-align: center;\"><span style=\"color: #ff0000;\"><strong>OF\u0130STEK\u0130 D\u0130\u011eER AVUKATIMIZ<\/strong><\/span><\/p>\n<p><a href=\"https:\/\/cankattaskin.av.tr\/wp-content\/uploads\/2018\/01\/asl\u0131-c\u00fcbbeli-foto.jpeg\"><img loading=\"lazy\" decoding=\"async\" class=\"alignleft size-full wp-image-1518\" src=\"https:\/\/cankattaskin.av.tr\/wp-content\/uploads\/2018\/01\/asl\u0131-c\u00fcbbeli-foto.jpeg\" alt=\"\" width=\"101\" height=\"133\" \/><\/a><\/p>\n<p><strong>Arb. Av. Asl\u0131 ACAR TA\u015eKIN<\/strong><\/p>\n<p>Sel\u00e7uk \u00dcniversitesi Hukuk Fak\u00fcltesi\u2019nden 2005 y\u0131l\u0131nda mezun olmu\u015ftur. 2006 y\u0131l\u0131nda Bursa Barosu\u2019nda avukatl\u0131k staj\u0131n\u0131 bitirmi\u015ftir. 2007 y\u0131l\u0131ndan beri Bursa Barosu\u2019na kay\u0131tl\u0131 serbest avukat olarak \u00e7al\u0131\u015fmaktad\u0131r. Aile hukuku, i\u015f hukuku, sosyal g\u00fcvenlik hukuku,sigorta hukuku ve t\u00fcketici hukuku olmak \u00fczere, a\u011f\u0131rl\u0131kta \u00f6zel hukuk alan\u0131nda \u00e7al\u0131\u015fmaktad\u0131r. \u0130ngilizce bilmektedir. Ayr\u0131ca, i\u015f hukuku, t\u00fcketici hukuku, sa\u011fl\u0131k hukuku, sigorta hukuku ve ticaret hukuku alanlar\u0131nda\u00a0 arabulucudur.\u00a0<\/p>\n<p>\u0130leti\u015fim bilgilerimiz\u00a0 i\u00e7in<a href=\"https:\/\/cankattaskin.av.tr\/?page_id=269\" target=\"_blank\" rel=\"noopener\"> t\u0131klay\u0131n\u0131z\u00a0<\/a><\/p>\n\n\n\n","protected":false},"excerpt":{"rendered":"<p>Avukat\/Arabulucu Do\u00e7. Dr. \u015eaban Cankat TA\u015eKIN\u00a0 Bursa Barosu\u00a0 1980 Bursa do\u011fumludur. 2002 y\u0131l\u0131nda Marmara \u00dcniversitesi Hukuk Fak\u00fcltesi\u2019nden mezun oldu. 2003 y\u0131l\u0131nda Bursa Barosu\u2019nda avukatl\u0131k staj\u0131n\u0131 tamamlad\u0131.2005 y\u0131l\u0131 Ocak ay\u0131nda Bursa\u2019da avukatl\u0131k ofisini a\u00e7t\u0131. (2005 y\u0131l\u0131ndan beri Bursa\u2019da kendi ofisinde a\u011f\u0131rl\u0131kl\u0131 &hellip; <a href=\"https:\/\/cankattaskin.av.tr\/?page_id=257\">Okumaya devam et <span class=\"meta-nav\">&rarr;<\/span><\/a><\/p>\n","protected":false},"author":1,"featured_media":0,"parent":0,"menu_order":0,"comment_status":"closed","ping_status":"closed","template":"","meta":{"footnotes":""},"class_list":["post-257","page","type-page","status-publish","hentry"],"_links":{"self":[{"href":"https:\/\/cankattaskin.av.tr\/index.php?rest_route=\/wp\/v2\/pages\/257","targetHints":{"allow":["GET"]}}],"collection":[{"href":"https:\/\/cankattaskin.av.tr\/index.php?rest_route=\/wp\/v2\/pages"}],"about":[{"href":"https:\/\/cankattaskin.av.tr\/index.php?rest_route=\/wp\/v2\/types\/page"}],"author":[{"embeddable":true,"href":"https:\/\/cankattaskin.av.tr\/index.php?rest_route=\/wp\/v2\/users\/1"}],"replies":[{"embeddable":true,"href":"https:\/\/cankattaskin.av.tr\/index.php?rest_route=%2Fwp%2Fv2%2Fcomments&post=257"}],"version-history":[{"count":253,"href":"https:\/\/cankattaskin.av.tr\/index.php?rest_route=\/wp\/v2\/pages\/257\/revisions"}],"predecessor-version":[{"id":3757,"href":"https:\/\/cankattaskin.av.tr\/index.php?rest_route=\/wp\/v2\/pages\/257\/revisions\/3757"}],"wp:attachment":[{"href":"https:\/\/cankattaskin.av.tr\/index.php?rest_route=%2Fwp%2Fv2%2Fmedia&parent=257"}],"curies":[{"name":"wp","href":"https:\/\/api.w.org\/{rel}","templated":true}]}}