{"id":269,"date":"2011-03-05T12:59:12","date_gmt":"2011-03-05T12:59:12","guid":{"rendered":"http:\/\/cankattaskin.av.tr\/?page_id=269"},"modified":"2025-11-13T08:00:32","modified_gmt":"2025-11-13T05:00:32","slug":"iletisim-bilgileri-2","status":"publish","type":"page","link":"https:\/\/cankattaskin.av.tr\/?page_id=269","title":{"rendered":"\u0130LET\u0130\u015e\u0130M-HESAP NO-\u00dcCRET TAR\u0130FES\u0130"},"content":{"rendered":"<p><span style=\"color: #000000;\"><strong>Adres \u00a0 \u00a0:<\/strong><\/span> Gazc\u0131lar (Celal Bayar) Caddesi A. Fikri Bozkaya \u00d6rkap\u00a0 \u0130\u015f Merkezi\u00a0 \u00a0 \u00a0 \u00a0 \u00a0 \u00a0 \u00a0 \u00a0 \u00a0 \u00a0 \u00a0 \u00a0 \u00a0 \u00a0 \u00a0 \u00a0 \u00a0 \u00a0 \u00a0 \u00a0 \u00a0 \u00a0 \u00a0 \u00a0 \u00a0 \u00a0 \u00a0 \u00a0 \u00a0 \u00a0 \u00a0 \u00a0 \u00a0 \u00a0 \u00a0 \u00a0 \u00a0 \u00a0 \u00a0 \u00a0 \u00a0 \u00a0 \u00a0 \u00a0 \u00a0 \u00a0 \u00a0 \u00a0 \u00a0 \u00a0 \u00a0 No:12, Kat: 3,\u00a0 D: 19 (301)\u00a0 \u00a0 \u00a0 \u00a0 \u00a0 \u00a0 \u00a0 \u00a0 \u00a0 \u00a0 \u00a0 \u00a0 \u00a0 \u00a0 \u00a0 \u00a0 \u00a0 \u00a0 \u00a0 \u00a0 \u00a0 \u00a0 \u00a0 \u00a0 \u00a0 \u00a0 \u00a0 \u00a0 \u00a0 \u00a0 \u00a0 \u00a0 \u00a0 \u00a0 \u00a0 \u00a0 \u00a0 \u00a0 \u00a0 \u00a0 \u00a0 \u00a0 \u00a0 \u00a0 \u00a0 \u00a0 \u00a0 \u00a0 \u00a0 \u00a0 \u00a0 \u00a0 \u00a0 \u00a0 \u00a0 \u00a0 \u00a0 \u00a0 \u00a0 \u00a0 \u00a0Osmangazi-BURSA<\/p>\n<ul>\n<li>Harita g\u00f6r\u00fcn\u00fcm\u00fc i\u00e7in<a href=\"https:\/\/g.page\/r\/CZQzBTwpP23qEAE\" target=\"_blank\" rel=\"noopener noreferrer\"> t\u0131klay\u0131z.<\/a><\/li>\n<\/ul>\n<p><strong>Telefon\u00a0 \u00a0 \u00a0 \u00a0 \u00a0 \u00a0:<\/strong>\u00a0<strong><span style=\"color: #000000;\">0 (224) 256 66 33\u00a0<em>\u00a0<\/em><\/span><\/strong><\/p>\n<p><strong>e-posta\u00a0 \u00a0 \u00a0 \u00a0 \u00a0 \u00a0 :<\/strong> <span style=\"color: #000000;\"><strong>sctaskin@gmail.com<\/strong><\/span><\/p>\n<p><strong>Twitter\u00a0 \u00a0 \u00a0 \u00a0 \u00a0 \u00a0:<\/strong> <a href=\"https:\/\/twitter.com\/sctaskin\" target=\"_blank\" rel=\"noopener noreferrer\">https:\/\/twitter.com\/sctaskin<\/a><\/p>\n<p><strong>Facebook\u00a0 \u00a0 \u00a0 \u00a0 \u00a0 :<\/strong> <a href=\"https:\/\/www.facebook.com\/profile.php?id=100004949651813&amp;sk\" target=\"_blank\" rel=\"noopener\">facebook <\/a><\/p>\n<p><strong>Linkedin\u00a0 \u00a0 \u00a0 \u00a0 :<\/strong> <a class=\"wZwaAYQoGqBNSJlwMBlsfFirYzYhrQLNhQ link-without-visited-state t-14\" href=\"https:\/\/www.linkedin.com\/in\/%C5%9Faban-cankat-ta%C5%9Fkin-61428272?lipi=urn%3Ali%3Apage%3Ad_flagship3_profile_view_base_contact_details%3BI0XUT%2BHVTfKd3nRSJjHLTQ%3D%3D\" target=\"_blank\" rel=\"noopener\" data-artdeco-is-focused=\"true\" data-ntt-old-href=\"https:\/\/www.linkedin.com\/in\/\u015faban-cankat-ta\u015fkin-61428272\">linkedin.com\/in\/\u015faban-cankat-ta\u015fkin-61428272<\/a><\/p>\n<p><strong>Google \u0130\u015fletme :<\/strong> <a href=\"https:\/\/www.google.com\/search?sca_esv=20a76472aa525adb&amp;sxsrf=ADLYWIIPSKYS9dc1wSWzF4eaqmnadq7O-w:1723703780793&amp;q=Av.Dr.%C5%9E.Cankat+TA%C5%9EKIN-Avukat+Hukuki+Dan%C4%B1%C5%9Fmanl%C4%B1k&amp;spell=1&amp;sa=X&amp;ved=2ahUKEwjclLX8sPaHAxUNQfEDHUZwG04QBSgAegQIIhAB&amp;biw=1366&amp;bih=599&amp;dpr=1\" target=\"_blank\" rel=\"noopener\">T\u0131klay\u0131n\u0131z<\/a><\/p>\n<p><span style=\"color: #000000;\"><strong>\u00c7al\u0131\u015fma Saatleri:<\/strong><\/span><\/p>\n<p><em><span style=\"color: #000000;\"><strong>Hafta i\u00e7i:<\/strong><\/span> 07:30-17:30<\/em><\/p>\n<p><span style=\"color: #000000;\"><em><strong>Cumartesi :<\/strong> <\/em><\/span>09:30-16:30<\/p>\n<p><strong><span style=\"color: #ff0000;\">B\u0130LG\u0130:<\/span><\/strong> <span style=\"color: #ff0000;\"><strong>TELEFONLA\/E-POSTA \u0130LE \u00a0HUKUK\u0130 DANI\u015eMANLIK H\u0130ZMET\u0130 ANCAK \u00dcCRET\u0130 KAR\u015eILI\u011eINDA VER\u0130LMEKTED\u0130R.\u00a0<\/strong><\/span><\/p>\n<p><span style=\"color: #ff0000;\"><strong><span style=\"color: #000000;\">G\u00dcNCEL AVUKATLIK ASGAR\u0130 \u00dcCRET TAR\u0130FES\u0130<\/span><\/strong><\/span><span style=\"color: #000000;\"><strong> \u0130\u00c7\u0130N <a href=\"https:\/\/cankattaskin.av.tr\/wp-content\/uploads\/2025\/11\/2025-2026-Av.As-u\u0308cret-tarifesi-4.11.2025-.pdf\" target=\"_blank\" rel=\"noopener\">TIKLAYINIZ<\/a><\/strong><\/span><\/p>\n<p><span style=\"color: #ff0000;\"><strong>A\u00c7IKLAMA: <\/strong><\/span><span style=\"color: #000000;\"><strong>Avukatl\u0131k Asgari \u00dccret Tarifesindeki rakamlar<\/strong> <em><strong>\u201cALT SINIRI\u201d<\/strong><\/em> <strong>ifade<\/strong> <strong>etmekte olup, <\/strong><\/span><strong><span style=\"color: #000000;\">\u00fccret\u00a0 i\u015fin niteli\u011fine, dosya kapsam\u0131na ve s\u00fcrecine g\u00f6re Bursa Barosu Tavsiye Niteli\u011findeki En Az \u00dccret \u00c7izelgesine g\u00f6re belirlenmektedir. Bu nedenle, dosyan\u0131n kapsam\u0131na ve\/veya davan\u0131n g\u00f6r\u00fclece\u011fi yer\/mahkemeye g\u00f6re \u00fccretlerde de\u011fi\u015fiklik olabilir.<\/span><\/strong><\/p>\n<p><span style=\"color: #ff0000;\"><strong>HESAP B\u0130LG\u0130LER\u0130<\/strong><\/span><\/p>\n<p>Vak\u0131fbank Bursa Uluyol \u015eubesi<\/p>\n<p><strong>IBAN<\/strong>:TR05 0001 5001 5800 7314 5830 30<\/p>\n<p><span style=\"color: #000000;\">\u015eABAN CANKAT TA\u015eKIN\u00a0<\/span><\/p>\n<p><script type=\"text\/javascript\">\/\/ <![CDATA[ var _gaq = _gaq || []; _gaq.push(['_setAccount', 'UA-21843656-1']); _gaq.push(['_trackPageview']); (function() { var ga = document.createElement('script'); ga.type = 'text\/javascript'; ga.async = true; ga.src = ('https:' == document.location.protocol ? 'https:\/\/ssl' : 'http:\/\/www') + '.google-analytics.com\/ga.js'; var s = document.getElementsByTagName('script')[0]; s.parentNode.insertBefore(ga, s); })(); \/\/ ]]><\/script><\/p>\n","protected":false},"excerpt":{"rendered":"<p>Adres \u00a0 \u00a0: Gazc\u0131lar (Celal Bayar) Caddesi A. Fikri Bozkaya \u00d6rkap\u00a0 \u0130\u015f Merkezi\u00a0 \u00a0 \u00a0 \u00a0 \u00a0 \u00a0 \u00a0 \u00a0 \u00a0 \u00a0 \u00a0 \u00a0 \u00a0 \u00a0 \u00a0 \u00a0 \u00a0 \u00a0 \u00a0 \u00a0 \u00a0 \u00a0 \u00a0 \u00a0 \u00a0 \u00a0 \u00a0 \u00a0 &hellip; <a href=\"https:\/\/cankattaskin.av.tr\/?page_id=269\">Okumaya devam et <span class=\"meta-nav\">&rarr;<\/span><\/a><\/p>\n","protected":false},"author":1,"featured_media":0,"parent":0,"menu_order":0,"comment_status":"closed","ping_status":"closed","template":"","meta":{"footnotes":""},"class_list":["post-269","page","type-page","status-publish","hentry"],"_links":{"self":[{"href":"https:\/\/cankattaskin.av.tr\/index.php?rest_route=\/wp\/v2\/pages\/269","targetHints":{"allow":["GET"]}}],"collection":[{"href":"https:\/\/cankattaskin.av.tr\/index.php?rest_route=\/wp\/v2\/pages"}],"about":[{"href":"https:\/\/cankattaskin.av.tr\/index.php?rest_route=\/wp\/v2\/types\/page"}],"author":[{"embeddable":true,"href":"https:\/\/cankattaskin.av.tr\/index.php?rest_route=\/wp\/v2\/users\/1"}],"replies":[{"embeddable":true,"href":"https:\/\/cankattaskin.av.tr\/index.php?rest_route=%2Fwp%2Fv2%2Fcomments&post=269"}],"version-history":[{"count":148,"href":"https:\/\/cankattaskin.av.tr\/index.php?rest_route=\/wp\/v2\/pages\/269\/revisions"}],"predecessor-version":[{"id":3729,"href":"https:\/\/cankattaskin.av.tr\/index.php?rest_route=\/wp\/v2\/pages\/269\/revisions\/3729"}],"wp:attachment":[{"href":"https:\/\/cankattaskin.av.tr\/index.php?rest_route=%2Fwp%2Fv2%2Fmedia&parent=269"}],"curies":[{"name":"wp","href":"https:\/\/api.w.org\/{rel}","templated":true}]}}