{"id":73,"date":"2011-03-05T08:44:57","date_gmt":"2011-03-05T08:44:57","guid":{"rendered":"http:\/\/cankattaskin.av.tr\/?page_id=73"},"modified":"2025-09-17T14:31:03","modified_gmt":"2025-09-17T11:31:03","slug":"bilisim-suclari-kitabim-2","status":"publish","type":"page","link":"https:\/\/cankattaskin.av.tr\/?page_id=73","title":{"rendered":"K\u0130TAPLARIM"},"content":{"rendered":"<div>\u00a0<\/div>\n<p><span style=\"color: #000000;\"><strong>Bug\u00fcne kadar ikisi ortak yazarl\u0131 olmak \u00fczere\u00a0 alt\u0131\u00a0 kitab\u0131m yay\u0131nlanm\u0131\u015ft\u0131r.<\/strong><\/span><\/p>\n<p><span style=\"color: #000000;\"><strong>\u00a01)<\/strong> \u0130lki y\u00fcksek lisans tezimin kitaba d\u00f6n\u00fc\u015ft\u00fcr\u00fclm\u00fc\u015f \u015fekli olan <span style=\"color: #ff0000;\">&#8220;Bili\u015fim Su\u00e7lar\u0131&#8221;<\/span> adl\u0131 kitapt\u0131r <span style=\"color: #ff0000;\">(BETA Yay.,\u0130stanbul 2008).\u00a0<\/span><\/span><\/p>\n<p><span style=\"color: #000000;\"><strong>2)<\/strong> \u0130kincisi ise doktora tezimin kitaba d\u00f6n\u00fc\u015ft\u00fcr\u00fcm\u00fc\u015f \u015fekli olan <span style=\"color: #ff0000;\">&#8220;\u0130nternete Eri\u015fim Yasaklar\u0131&#8221;<\/span> adl\u0131 kitapt\u0131r. <span style=\"color: #ff0000;\">(SE\u00c7K\u0130N Yay., Ankara: 2016)<\/span><\/span><\/p>\n<p><span style=\"color: #000000;\"><strong>3)<\/strong> \u00dc\u00e7\u00fcnc\u00fc kitab\u0131m ise <span style=\"color: #ff0000;\">&#8220;Ceza Muhakemesi Hukukunda Seri Muhakeme ve Basit Yarg\u0131lama Usul\u00fc&#8221;<\/span> hakk\u0131ndaki kitapt\u0131r. <span style=\"color: #ff0000;\">(Adalet Yay. Ankara: Eyl\u00fcl 2020)\u00a0<\/span><\/span><\/p>\n<p><strong>4)<\/strong> Ortak yazarl\u0131 kitab\u0131m ise Prof.Dr. Murat Volkan D\u00fclger ile birlikte yazm\u0131\u015f oldu\u011fumuz Ceza Muhakemesi Hukuku ders kitab\u0131d\u0131r. (Se\u00e7kin Yay\u0131nc\u0131l\u0131k, Ankara 2023).<\/p>\n<p><a href=\"https:\/\/www.seckin.com.tr\/kitap\/ceza-muhakemesi-hukuku-murat-volkan-dulger-saban-cankat-taskin-s-p-262567018\" target=\"_blank\" rel=\"noopener\">https:\/\/www.seckin.com.tr\/kitap\/ceza-muhakemesi-hukuku-murat-volkan-dulger-saban-cankat-taskin-s-p-262567018\u00a0<\/a><\/p>\n<ul>\n<li>Kitab\u0131n 2. bask\u0131s\u0131 ise Ekim 2024&#8217;te \u00e7\u0131km\u0131\u015ft\u0131r. 2. bask\u0131 hakk\u0131nda daha geni\u015f bilgi i\u00e7in <a href=\"https:\/\/www.seckin.com.tr\/kitap\/338354979\" target=\"_blank\" rel=\"noopener\">t\u0131klay\u0131n\u0131z.<\/a>\u00a0<\/li>\n<\/ul>\n<p><strong>5)<\/strong> Ceza Muhakemesi Hukukunda Adil Yarg\u0131lanma Hakk\u0131 \u00c7er\u00e7evesinde \u015e\u00fcpheli ve San\u0131\u011f\u0131n Susma Hakk\u0131 (Adalet Yay\u0131nevi, Ankara, A\u011fustos 2024)\u00a0<\/p>\n<p><a href=\"https:\/\/www.adalet.com.tr\/ceza-muhakemesi-hukukunda-adil-yargilanma-hakki-cercevesinde-supheli-ve-sanigin-susma-hakki-28180?fbclid=IwY2xjawEj5a1leHRuA2FlbQIxMQABHeyilIvfUZO79-pfUYa0-K2kwpy_QECEcpqDVzqjU4o1ALrHrXTjCbAUjw_aem_ld9xrKCCT8lXka8fXpT9Dg\" target=\"_blank\" rel=\"noopener\">Kitab\u0131n linki i\u00e7in t\u0131klay\u0131n\u0131z<\/a><\/p>\n<p><a href=\"https:\/\/cankattaskin.av.tr\/wp-content\/uploads\/2024\/08\/icindekiler-susma-hakki-1.pdf\" target=\"_blank\" rel=\"noopener\">\u0130\u00e7indekiler-susma hakk\u0131<\/a><\/p>\n<div>\n<div><strong>6)<\/strong> D\u00fclger, Murat Volkan\/ Ta\u015fk\u0131n, \u015eaban Cankat; Ceza Muhakemesi Hukuku Pratik Kitab\u0131, Se\u00e7kin Yay\u0131nc\u0131l\u0131k, 6. Bask\u0131, Eyl\u00fcl 2025 Ankara\u00a0 (444 sayfa)<\/div>\n<\/div>\n<p><a href=\"https:\/\/www.seckin.com.tr\/kitap\/ceza-muhakemesi-hukuku-pratik-kitabi-tamami-cozumlu-ve-sematik-anlatimli-murat-volkan-dulger-saban-cankat-taskin-s-p-176311283\" target=\"_blank\" rel=\"noopener\">https:\/\/www.seckin.com.tr\/kitap\/ceza-muhakemesi-hukuku-pratik-kitabi-tamami-cozumlu-ve-sematik-anlatimli-murat-volkan-dulger-saban-cankat-taskin-s-p-176311283<\/a><\/p>\n\n\n<h2 class=\"wp-block-heading\"><\/h2>\n\n\n\n<figure class=\"wp-block-gallery has-nested-images columns-default is-cropped wp-block-gallery-1 is-layout-flex wp-block-gallery-is-layout-flex\"><\/figure>\n\n\n\n<p><\/p>\n\n\n\n<p><\/p>\n","protected":false},"excerpt":{"rendered":"<p>\u00a0 Bug\u00fcne kadar ikisi ortak yazarl\u0131 olmak \u00fczere\u00a0 alt\u0131\u00a0 kitab\u0131m yay\u0131nlanm\u0131\u015ft\u0131r. \u00a01) \u0130lki y\u00fcksek lisans tezimin kitaba d\u00f6n\u00fc\u015ft\u00fcr\u00fclm\u00fc\u015f \u015fekli olan &#8220;Bili\u015fim Su\u00e7lar\u0131&#8221; adl\u0131 kitapt\u0131r (BETA Yay.,\u0130stanbul 2008).\u00a0 2) \u0130kincisi ise doktora tezimin kitaba d\u00f6n\u00fc\u015ft\u00fcr\u00fcm\u00fc\u015f \u015fekli olan &#8220;\u0130nternete Eri\u015fim Yasaklar\u0131&#8221; adl\u0131 &hellip; <a href=\"https:\/\/cankattaskin.av.tr\/?page_id=73\">Okumaya devam et <span class=\"meta-nav\">&rarr;<\/span><\/a><\/p>\n","protected":false},"author":1,"featured_media":0,"parent":0,"menu_order":0,"comment_status":"closed","ping_status":"closed","template":"","meta":{"footnotes":""},"class_list":["post-73","page","type-page","status-publish","hentry"],"_links":{"self":[{"href":"https:\/\/cankattaskin.av.tr\/index.php?rest_route=\/wp\/v2\/pages\/73","targetHints":{"allow":["GET"]}}],"collection":[{"href":"https:\/\/cankattaskin.av.tr\/index.php?rest_route=\/wp\/v2\/pages"}],"about":[{"href":"https:\/\/cankattaskin.av.tr\/index.php?rest_route=\/wp\/v2\/types\/page"}],"author":[{"embeddable":true,"href":"https:\/\/cankattaskin.av.tr\/index.php?rest_route=\/wp\/v2\/users\/1"}],"replies":[{"embeddable":true,"href":"https:\/\/cankattaskin.av.tr\/index.php?rest_route=%2Fwp%2Fv2%2Fcomments&post=73"}],"version-history":[{"count":33,"href":"https:\/\/cankattaskin.av.tr\/index.php?rest_route=\/wp\/v2\/pages\/73\/revisions"}],"predecessor-version":[{"id":3695,"href":"https:\/\/cankattaskin.av.tr\/index.php?rest_route=\/wp\/v2\/pages\/73\/revisions\/3695"}],"wp:attachment":[{"href":"https:\/\/cankattaskin.av.tr\/index.php?rest_route=%2Fwp%2Fv2%2Fmedia&parent=73"}],"curies":[{"name":"wp","href":"https:\/\/api.w.org\/{rel}","templated":true}]}}