{"id":82,"date":"2011-03-05T08:46:56","date_gmt":"2011-03-05T08:46:56","guid":{"rendered":"http:\/\/cankattaskin.av.tr\/?page_id=82"},"modified":"2025-10-25T16:14:38","modified_gmt":"2025-10-25T13:14:38","slug":"calisma-alanlarim","status":"publish","type":"page","link":"https:\/\/cankattaskin.av.tr\/?page_id=82","title":{"rendered":"\u00c7ALI\u015eMA ALANLARIMIZ"},"content":{"rendered":"<p>2005 y\u0131l\u0131ndan beri Bursa&#8217;daki kendi ofisimde bili\u015fim hukuku ve ceza hukuku alan\u0131nda avukat\u00a0 olarak hizmet vermekteyim.\u00a0 Ayr\u0131ca arabulucuyum.\u00a0 (Bunun yan\u0131 s\u0131ra, ofis orta\u011f\u0131mla birlikte aile, i\u015f, t\u00fcketici, sigorta, idare hukuku ve sa\u011fl\u0131k hukuku alanlar\u0131nda da avukat, hukuki dan\u0131\u015fman ve\/veya arabulucu olarak hizmet vermekteyiz).<\/p>\n<p style=\"text-align: left;\">(Mesleki ve akademik deneyimim hakk\u0131nda daha detayl\u0131 bilgi i\u00e7in\u00a0 internet sayfamdaki <a href=\"https:\/\/cankattaskin.av.tr\/?page_id=257\" target=\"_blank\" rel=\"noopener\">HAKKIMIZDA<\/a> k\u0131sm\u0131 ile <a href=\"https:\/\/cankattaskin.av.tr\/?page_id=1091\" target=\"_blank\" rel=\"noopener\">AKADEM\u0130K ETK\u0130NL\u0130KLER\u0130M<\/a>, <a href=\"https:\/\/cankattaskin.av.tr\/?page_id=73\" target=\"_blank\" rel=\"noopener\">K\u0130TAPLARIM<\/a> ve <a href=\"https:\/\/cankattaskin.av.tr\/?page_id=2\" target=\"_blank\" rel=\"noopener\">MAKALELER\u0130M<\/a> sekmelerine bakabilirsiniz)<\/p>\n<p>Avukat Do\u00e7. Dr. \u015eaban Cankat TA\u015eKIN-Bursa Barosu<\/p>\n<p>\u0130leti\u015fim bilgilerimiz\u00a0 i\u00e7in<a href=\"https:\/\/cankattaskin.av.tr\/?page_id=269\" target=\"_blank\" rel=\"noopener\"> t\u0131klay\u0131n\u0131z\u00a0<\/a><\/p>\n","protected":false},"excerpt":{"rendered":"<p>2005 y\u0131l\u0131ndan beri Bursa&#8217;daki kendi ofisimde bili\u015fim hukuku ve ceza hukuku alan\u0131nda avukat\u00a0 olarak hizmet vermekteyim.\u00a0 Ayr\u0131ca arabulucuyum.\u00a0 (Bunun yan\u0131 s\u0131ra, ofis orta\u011f\u0131mla birlikte aile, i\u015f, t\u00fcketici, sigorta, idare hukuku ve sa\u011fl\u0131k hukuku alanlar\u0131nda da avukat, hukuki dan\u0131\u015fman ve\/veya arabulucu &hellip; <a href=\"https:\/\/cankattaskin.av.tr\/?page_id=82\">Okumaya devam et <span class=\"meta-nav\">&rarr;<\/span><\/a><\/p>\n","protected":false},"author":1,"featured_media":0,"parent":0,"menu_order":0,"comment_status":"closed","ping_status":"closed","template":"","meta":{"footnotes":""},"class_list":["post-82","page","type-page","status-publish","hentry"],"_links":{"self":[{"href":"https:\/\/cankattaskin.av.tr\/index.php?rest_route=\/wp\/v2\/pages\/82","targetHints":{"allow":["GET"]}}],"collection":[{"href":"https:\/\/cankattaskin.av.tr\/index.php?rest_route=\/wp\/v2\/pages"}],"about":[{"href":"https:\/\/cankattaskin.av.tr\/index.php?rest_route=\/wp\/v2\/types\/page"}],"author":[{"embeddable":true,"href":"https:\/\/cankattaskin.av.tr\/index.php?rest_route=\/wp\/v2\/users\/1"}],"replies":[{"embeddable":true,"href":"https:\/\/cankattaskin.av.tr\/index.php?rest_route=%2Fwp%2Fv2%2Fcomments&post=82"}],"version-history":[{"count":64,"href":"https:\/\/cankattaskin.av.tr\/index.php?rest_route=\/wp\/v2\/pages\/82\/revisions"}],"predecessor-version":[{"id":3716,"href":"https:\/\/cankattaskin.av.tr\/index.php?rest_route=\/wp\/v2\/pages\/82\/revisions\/3716"}],"wp:attachment":[{"href":"https:\/\/cankattaskin.av.tr\/index.php?rest_route=%2Fwp%2Fv2%2Fmedia&parent=82"}],"curies":[{"name":"wp","href":"https:\/\/api.w.org\/{rel}","templated":true}]}}